{"id":1153,"date":"2018-06-20T08:15:24","date_gmt":"2018-06-20T08:15:24","guid":{"rendered":"http:\/\/www.sferaksiegowosci.pl\/index.php\/contact-us\/"},"modified":"2021-12-01T08:27:24","modified_gmt":"2021-12-01T08:27:24","slug":"contact-us","status":"publish","type":"page","link":"https:\/\/www.sferaksiegowosci.pl\/index.php\/contact-us\/","title":{"rendered":"Skontaktuj si\u0119 z nami"},"content":{"rendered":"\t\t<div data-elementor-type=\"wp-post\" data-elementor-id=\"1153\" class=\"elementor elementor-1153\">\n\t\t\t\t\t\t<section class=\"elementor-section elementor-top-section elementor-element elementor-element-3f5f1db0 elementor-section-content-middle elementor-reverse-mobile elementor-section-boxed elementor-section-height-default elementor-section-height-default\" data-id=\"3f5f1db0\" data-element_type=\"section\">\n\t\t\t\t\t\t<div class=\"elementor-container elementor-column-gap-wider\">\n\t\t\t\t\t<div class=\"aux-parallax-section elementor-column elementor-col-50 elementor-top-column elementor-element elementor-element-1c5d32f5\" data-id=\"1c5d32f5\" data-element_type=\"column\">\n\t\t\t<div class=\"elementor-widget-wrap elementor-element-populated\">\n\t\t\t\t\t\t<div class=\"elementor-element elementor-element-6aa3c510 aux-appear-watch-animation aux-fade-in-up elementor-widget elementor-widget-aux_modern_heading\" data-id=\"6aa3c510\" data-element_type=\"widget\" data-widget_type=\"aux_modern_heading.default\">\n\t\t\t\t<div class=\"elementor-widget-container\">\n\t\t\t\t\t<section class=\"aux-widget-modern-heading\">\n            <div class=\"aux-widget-inner\"><h1 class=\"aux-modern-heading-primary\">Kontakt<\/h1><h3 class=\"aux-modern-heading-secondary\"><span class=\"aux-head-highlight\">Pozosta\u0144my w<br>kontakcie<\/span><\/h3><div class=\"aux-modern-heading-divider\"><\/div><div class=\"aux-modern-heading-description\"><p>Wype\u0142nij formularz, okre\u015bl w wiadomo\u015bci preferowan\u0105 form\u0119 kontaktu z nami. Odpowiemy lub oddzwonimy najszybciej jak to b\u0119dzie mo\u017cliwe.\u00a0<\/p><\/div><\/div>\n        <\/section>\t\t\t\t<\/div>\n\t\t\t\t<\/div>\n\t\t\t\t<div class=\"elementor-element elementor-element-7f262e2a aux-appear-watch-animation aux-fade-in-up elementor-widget elementor-widget-aux_contact_form\" data-id=\"7f262e2a\" data-element_type=\"widget\" data-widget_type=\"aux_contact_form.default\">\n\t\t\t\t<div class=\"elementor-widget-container\">\n\t\t\t\t\t<section class=\"widget-container aux-widget-contact-form aux-parent-audeca567b\">            <div class=\"aux-col-wrapper aux-no-gutter\">\n            <!-- @TODO - The output for element here -->\n\n            \n<div class=\"wpcf7 no-js\" id=\"wpcf7-f1176-o1\" lang=\"en-US\" dir=\"ltr\" data-wpcf7-id=\"1176\">\n<div class=\"screen-reader-response\"><p role=\"status\" aria-live=\"polite\" aria-atomic=\"true\"><\/p> <ul><\/ul><\/div>\n<form action=\"\/index.php\/wp-json\/wp\/v2\/pages\/1153#wpcf7-f1176-o1\" method=\"post\" class=\"wpcf7-form init\" aria-label=\"Contact form\" novalidate=\"novalidate\" data-status=\"init\">\n<fieldset class=\"hidden-fields-container\"><input type=\"hidden\" name=\"_wpcf7\" value=\"1176\" \/><input type=\"hidden\" name=\"_wpcf7_version\" value=\"6.1.5\" \/><input type=\"hidden\" name=\"_wpcf7_locale\" value=\"en_US\" \/><input type=\"hidden\" name=\"_wpcf7_unit_tag\" value=\"wpcf7-f1176-o1\" \/><input type=\"hidden\" name=\"_wpcf7_container_post\" value=\"0\" \/><input type=\"hidden\" name=\"_wpcf7_posted_data_hash\" value=\"\" \/>\n<\/fieldset>\n<div class=\"aux-modern-form\">\n\t<div class=\"aux-row aux-de-col3 aux-tb-col1 aux-mb-col1\">\n\t\t<div class=\"aux-input-group aux-col\">\n\t\t\t<p><span class=\"wpcf7-form-control-wrap\" data-name=\"text-688\"><input size=\"40\" maxlength=\"400\" class=\"wpcf7-form-control wpcf7-text wpcf7-validates-as-required\" id=\"name\" aria-required=\"true\" aria-invalid=\"false\" placeholder=\"Imi\u0119 i nazwisko*\" value=\"\" type=\"text\" name=\"text-688\" \/><\/span>\n\t\t\t<\/p>\n\t\t\t<div class=\"aux-modern-form-border\">\n\t\t\t<\/div>\n\t\t<\/div>\n\t\t<div class=\"aux-input-group aux-col\">\n\t\t\t<p><span class=\"wpcf7-form-control-wrap\" data-name=\"email-679\"><input size=\"40\" maxlength=\"400\" class=\"wpcf7-form-control wpcf7-email wpcf7-validates-as-required wpcf7-text wpcf7-validates-as-email\" id=\"email\" aria-required=\"true\" aria-invalid=\"false\" placeholder=\"Email*\" value=\"\" type=\"email\" name=\"email-679\" \/><\/span>\n\t\t\t<\/p>\n\t\t\t<div class=\"aux-modern-form-border\">\n\t\t\t<\/div>\n\t\t<\/div>\n\t\t<div class=\"aux-input-group aux-col\">\n\t\t\t<p><span class=\"wpcf7-form-control-wrap\" data-name=\"tel-866\"><input size=\"40\" maxlength=\"400\" class=\"wpcf7-form-control wpcf7-tel wpcf7-validates-as-required wpcf7-text wpcf7-validates-as-tel\" id=\"phone\" aria-required=\"true\" aria-invalid=\"false\" placeholder=\"Tel*\" value=\"\" type=\"tel\" name=\"tel-866\" \/><\/span>\n\t\t\t<\/p>\n\t\t\t<div class=\"aux-modern-form-border\">\n\t\t\t<\/div>\n\t\t<\/div>\n\t<\/div>\n\t<div class=\"aux-row aux-de-col1 aux-tb-col1 aux-mb-col1\">\n\t\t<div class=\"aux-input-group aux-col\">\n\t\t\t<p><span class=\"wpcf7-form-control-wrap\" data-name=\"textarea-550\"><textarea cols=\"40\" rows=\"10\" maxlength=\"2000\" class=\"wpcf7-form-control wpcf7-textarea wpcf7-validates-as-required\" id=\"massage\" aria-required=\"true\" aria-invalid=\"false\" placeholder=\"Twoja wiadomo\u015b\u0107\" name=\"textarea-550\"><\/textarea><\/span>\n\t\t\t<\/p>\n\t\t\t<div class=\"aux-modern-form-border\">\n\t\t\t<\/div>\n\t\t<\/div>\n\t<\/div>\n\t<p><span class=\"wpcf7-form-control-wrap\" data-name=\"acceptance-901\"><span class=\"wpcf7-form-control wpcf7-acceptance\"><span class=\"wpcf7-list-item\"><label><input type=\"checkbox\" name=\"acceptance-901\" value=\"1\" aria-invalid=\"false\" \/><span class=\"wpcf7-list-item-label\">* Wype\u0142nienie formularza oznacza zgod\u0119 na przetwarzanie \u00a0przez Sfer\u0119 Ksi\u0119gowo\u015bci mgr Asteria Krukowska podanych w formularzu danych osobowych w celu udzielenia odpowiedzi na zadane pytanie i w zale\u017cno\u015bci od tre\u015bci zapytania przedstawienia oferty. W naszej polityce prywatno\u015bci dowiesz si\u0119 kim jeste\u015bmy i jak przetwarzamy Twoje dane.<\/span><\/label><\/span><\/span><\/span><br \/>\n<input class=\"wpcf7-form-control wpcf7-submit has-spinner aux-button aux-large aux-curios-blue aux-none aux-uppercase aux-icon-right\" type=\"submit\" value=\"WY\u015aLIJ WIADOMO\u015a\u0106\" \/>\n\t<\/p>\n<\/div><div class=\"wpcf7-response-output\" aria-hidden=\"true\"><\/div>\n<\/form>\n<\/div>\n\n\n            <\/div><!-- aux-col-wrapper -->\n    <\/section><!-- widget-container -->\t\t\t\t<\/div>\n\t\t\t\t<\/div>\n\t\t\t\t\t<\/div>\n\t\t<\/div>\n\t\t\t\t<div class=\"aux-parallax-section elementor-column elementor-col-50 elementor-top-column elementor-element elementor-element-571db6b6 aux-appear-watch-animation aux-scale-up\" data-id=\"571db6b6\" data-element_type=\"column\">\n\t\t\t<div class=\"elementor-widget-wrap elementor-element-populated\">\n\t\t\t\t\t\t<div class=\"elementor-element elementor-element-e5ff19a elementor-widget elementor-widget-text-editor\" data-id=\"e5ff19a\" data-element_type=\"widget\" data-widget_type=\"text-editor.default\">\n\t\t\t\t<div class=\"elementor-widget-container\">\n\t\t\t\t\t\t\t\t\t<iframe src=\"https:\/\/www.google.com\/maps\/embed?pb=!1m14!1m8!1m3!1d48128.090977563705!2d19.113401435519155!3d50.818753107189174!3m2!1i1024!2i768!4f13.1!3m3!1m2!1s0x0%3A0x2c22faede7550b53!2sSfera%20Ksi%C4%99gowo%C5%9Bci%20Biuro%20Rachunkowe%20mgr%20Asteria%20Krukowska!5e0!3m2!1spl!2spl!4v1638301429924!5m2!1spl!2spl\" width=\"600\" height=\"450\" style=\"border:0;\" allowfullscreen=\"\" loading=\"lazy\"><\/iframe>\t\t\t\t\t\t\t\t<\/div>\n\t\t\t\t<\/div>\n\t\t\t\t\t<\/div>\n\t\t<\/div>\n\t\t\t\t\t<\/div>\n\t\t<\/section>\n\t\t\t\t<section class=\"elementor-section elementor-top-section elementor-element elementor-element-7963c47b elementor-reverse-mobile elementor-section-content-middle elementor-section-full_width aux-appear-watch-animation aux-fade-in-up elementor-section-height-default elementor-section-height-default\" data-id=\"7963c47b\" data-element_type=\"section\" data-settings=\"{&quot;background_background&quot;:&quot;classic&quot;}\">\n\t\t\t\t\t\t<div class=\"elementor-container elementor-column-gap-no\">\n\t\t\t\t\t<div class=\"aux-parallax-section elementor-column elementor-col-50 elementor-top-column elementor-element elementor-element-474c8c71\" data-id=\"474c8c71\" data-element_type=\"column\">\n\t\t\t<div class=\"elementor-widget-wrap elementor-element-populated\">\n\t\t\t\t\t\t<div class=\"elementor-element elementor-element-62b38bb9 aux-appear-watch-animation aux-fade-in-right elementor-widget-tablet__width-auto elementor-widget elementor-widget-aux_text\" data-id=\"62b38bb9\" data-element_type=\"widget\" data-widget_type=\"aux_text.default\">\n\t\t\t\t<div class=\"elementor-widget-container\">\n\t\t\t\t\t<section class=\"widget-container aux-widget-text aux-parent-au8775d3b2\">        <div class=\"aux-widget-advanced-text aux-wrap-style-simple aux-ico-pos-left aux-text-left aux-text-resp-left aux-text-color-dark aux-text-widget-bg-center  aux-text-padding-fix \" >\n        \n                            <div class=\"aux-text-widget-header \"  >\n                        <div class=\"aux-ico-box aux-ico-large aux-ico-shape-circle aux-ico-clear \">\n                                                                <span class=\"aux-ico auxicon-location-pin\" > <\/span>\n                                                            <\/div>\n                <\/div>\n            \n            <div class=\"aux-text-inner aux-text-widget-content\">\n                                <h4 class=\"col-title\">Adres<\/h4>\n                                <div class=\"widget-content\">\n                                        <p>42-202 Cz\u0119stochowa,<br \/>ul. Warszawska 171<\/p>                <\/div>\n                            <\/div>\n        <\/div>\n                    <div class=\"aux-text-widget-footer\">\n                <div class=\"aux-border-shape-none \">\n                                <\/div>\n            <\/div>\n        \n<\/section><!-- widget-container -->\t\t\t\t<\/div>\n\t\t\t\t<\/div>\n\t\t\t\t\t<\/div>\n\t\t<\/div>\n\t\t\t\t<div class=\"aux-parallax-section elementor-column elementor-col-50 elementor-top-column elementor-element elementor-element-7789369c\" data-id=\"7789369c\" data-element_type=\"column\">\n\t\t\t<div class=\"elementor-widget-wrap elementor-element-populated\">\n\t\t\t\t\t\t<div class=\"elementor-element elementor-element-6adf682a aux-appear-watch-animation aux-fade-in-right elementor-widget-tablet__width-auto elementor-widget elementor-widget-aux_text\" data-id=\"6adf682a\" data-element_type=\"widget\" data-widget_type=\"aux_text.default\">\n\t\t\t\t<div class=\"elementor-widget-container\">\n\t\t\t\t\t<section class=\"widget-container aux-widget-text aux-parent-au717cdb48\">        <div class=\"aux-widget-advanced-text aux-wrap-style-simple aux-ico-pos-left aux-text- aux-text-resp- aux-text-color-dark aux-text-widget-bg-center  aux-text-padding-fix \" >\n        \n                            <div class=\"aux-text-widget-header \"  >\n                        <div class=\"aux-ico-box aux-ico-large aux-ico-shape-circle aux-ico-clear \">\n                                                                <span class=\"aux-ico auxicon-iphone-streamline\" > <\/span>\n                                                            <\/div>\n                <\/div>\n            \n            <div class=\"aux-text-inner aux-text-widget-content\">\n                                <h4 class=\"col-title\">Telefon<\/h4>\n                                <div class=\"widget-content\">\n                                        <p>Asteria Krukowska: <br \/>502-155-160<\/p><p>Arletta Krukowska: <br \/>502-151 011<\/p><p>biuro@sferaksiegowosci.pl<\/p>                <\/div>\n                            <\/div>\n        <\/div>\n                    <div class=\"aux-text-widget-footer\">\n                <div class=\"aux-border-shape-none \">\n                                <\/div>\n            <\/div>\n        \n<\/section><!-- widget-container -->\t\t\t\t<\/div>\n\t\t\t\t<\/div>\n\t\t\t\t\t<\/div>\n\t\t<\/div>\n\t\t\t\t\t<\/div>\n\t\t<\/section>\n\t\t\t\t<\/div>\n\t\t","protected":false},"excerpt":{"rendered":"<p>Kontakt Pozosta\u0144my w kontakcie Wype\u0142nij formularz, okre\u015bl w wiadomo\u015bci preferowan\u0105 form\u0119 kontaktu z nami. Odpowiemy lub oddzwonimy najszybciej jak to b\u0119dzie mo\u017cliwe.&nbsp; Adres 42-202 Cz\u0119stochowa, ul. Warszawska 171 Telefon Asteria Krukowska: 502-155-160 Arletta Krukowska: 502-151 011 biuro@sferaksiegowosci.pl<\/p>\n","protected":false},"author":1,"featured_media":0,"parent":0,"menu_order":0,"comment_status":"closed","ping_status":"closed","template":"","meta":{"footnotes":""},"class_list":["post-1153","page","type-page","status-publish","hentry"],"_links":{"self":[{"href":"https:\/\/www.sferaksiegowosci.pl\/index.php\/wp-json\/wp\/v2\/pages\/1153","targetHints":{"allow":["GET"]}}],"collection":[{"href":"https:\/\/www.sferaksiegowosci.pl\/index.php\/wp-json\/wp\/v2\/pages"}],"about":[{"href":"https:\/\/www.sferaksiegowosci.pl\/index.php\/wp-json\/wp\/v2\/types\/page"}],"author":[{"embeddable":true,"href":"https:\/\/www.sferaksiegowosci.pl\/index.php\/wp-json\/wp\/v2\/users\/1"}],"replies":[{"embeddable":true,"href":"https:\/\/www.sferaksiegowosci.pl\/index.php\/wp-json\/wp\/v2\/comments?post=1153"}],"version-history":[{"count":6,"href":"https:\/\/www.sferaksiegowosci.pl\/index.php\/wp-json\/wp\/v2\/pages\/1153\/revisions"}],"predecessor-version":[{"id":1349,"href":"https:\/\/www.sferaksiegowosci.pl\/index.php\/wp-json\/wp\/v2\/pages\/1153\/revisions\/1349"}],"wp:attachment":[{"href":"https:\/\/www.sferaksiegowosci.pl\/index.php\/wp-json\/wp\/v2\/media?parent=1153"}],"curies":[{"name":"wp","href":"https:\/\/api.w.org\/{rel}","templated":true}]}}